{"id":989755,"date":"2024-08-13T09:14:46","date_gmt":"2024-08-13T07:14:46","guid":{"rendered":"https:\/\/new.fpc.org.pl\/?post_type=product&#038;p=989755"},"modified":"2024-08-20T09:36:34","modified_gmt":"2024-08-20T07:36:34","slug":"ilustracja-malwiny-hajduk","status":"publish","type":"product","link":"https:\/\/new.fpc.chost.pl\/eng\/sklep\/ilustracja-malwiny-hajduk\/","title":{"rendered":"Ilustracja Malwiny Hajduk"},"content":{"rendered":"<div class=\"vgblk-rw-wrapper limit-wrapper\">Kupuj\u0105c ilustracj\u0119 pomagasz dzieciom, uchod\u017acom z Ukrainy<br \/>\nWspierasz akcj\u0119 #Ksi\u0105\u017ckaChroni, kt\u00f3ra niesie czytelnicz\u0105 pomoc dzieciom i doros\u0142ym z do\u015bwiadczeniem uchod\u017aczym, a tak\u017ce wspiera ukrai\u0144sk\u0105 bran\u017c\u0119 wydawnicz\u0105.<br \/>\nObrazki powsta\u0142y przy okazji niezwyk\u0142ej publikacji, cegie\u0142ki charytatywnej: \u201e<a href=\"https:\/\/fpc.org.pl\/ksiazkachroni\/swiat-jest-piekny\/\" target=\"_blank\" rel=\"noopener\">\u015awiat jest Pi\u0119kny. Ksi\u0105\u017cka Przeciw Wojnie<\/a>\u201d.<\/p>\n<p>Zadbali\u015bmy o to, aby wyj\u0105tkowe prace polskich ilustrator\u00f3w zosta\u0142y odpowiednio wyeksponowane. Ilustracje wydrukowane s\u0105 na wysokiej jako\u015bci papierze, oprawione w drewnian\u0105 ram\u0119 ze szk\u0142em.<\/p>\n<p>Wymiary w oprawie: 32 x 32 cm<br \/>\nWymiary ilustracji: 20 x 20 cm<\/p>\n<p>Wizualizacje we wn\u0119trzach maj\u0105 charakter pogl\u0105dowy.<\/p><\/div>\n<p><!-- .vgblk-rw-wrapper --><\/p>","protected":false},"excerpt":{"rendered":"<p>Kupuj\u0105c ilustracj\u0119 pomagasz dzieciom, uchod\u017acom z Ukrainy<br \/>\nWspierasz akcj\u0119 #Ksi\u0105\u017ckaChroni, kt\u00f3ra niesie czytelnicz\u0105 pomoc dzieciom i doros\u0142ym z do\u015bwiadczeniem uchod\u017aczym, a tak\u017ce wspiera ukrai\u0144sk\u0105 bran\u017c\u0119 wydawnicz\u0105.<br \/>\nObrazki powsta\u0142y przy okazji niezwyk\u0142ej publikacji, cegie\u0142ki charytatywnej: \u201e<a href=\"https:\/\/fpc.org.pl\/ksiazkachroni\/swiat-jest-piekny\/\" target=\"_blank\" rel=\"noopener\">\u015awiat jest Pi\u0119kny. Ksi\u0105\u017cka Przeciw Wojnie<\/a>\u201d.<\/p>\n<p>Zadbali\u015bmy o to, aby wyj\u0105tkowe prace polskich ilustrator\u00f3w zosta\u0142y odpowiednio wyeksponowane. Ilustracje wydrukowane s\u0105 na wysokiej jako\u015bci papierze, oprawione w drewnian\u0105 ram\u0119 ze szk\u0142em.<\/p>","protected":false},"featured_media":989758,"template":"","meta":{"rank_math_lock_modified_date":false},"product_cat":[15],"product_tag":[67],"class_list":{"0":"post-989755","1":"product","2":"type-product","3":"status-publish","4":"has-post-thumbnail","6":"product_cat-inne","7":"product_tag-ilustracje-i-plakaty","8":"odd","10":"first","11":"instock","12":"taxable","13":"shipping-taxable","14":"purchasable","15":"product-type-simple"},"acf":[],"_links":{"self":[{"href":"https:\/\/new.fpc.chost.pl\/eng\/wp-json\/wp\/v2\/product\/989755","targetHints":{"allow":["GET"]}}],"collection":[{"href":"https:\/\/new.fpc.chost.pl\/eng\/wp-json\/wp\/v2\/product"}],"about":[{"href":"https:\/\/new.fpc.chost.pl\/eng\/wp-json\/wp\/v2\/types\/product"}],"version-history":[{"count":1,"href":"https:\/\/new.fpc.chost.pl\/eng\/wp-json\/wp\/v2\/product\/989755\/revisions"}],"predecessor-version":[{"id":989759,"href":"https:\/\/new.fpc.chost.pl\/eng\/wp-json\/wp\/v2\/product\/989755\/revisions\/989759"}],"wp:featuredmedia":[{"embeddable":true,"href":"https:\/\/new.fpc.chost.pl\/eng\/wp-json\/wp\/v2\/media\/989758"}],"wp:attachment":[{"href":"https:\/\/new.fpc.chost.pl\/eng\/wp-json\/wp\/v2\/media?parent=989755"}],"wp:term":[{"taxonomy":"product_cat","embeddable":true,"href":"https:\/\/new.fpc.chost.pl\/eng\/wp-json\/wp\/v2\/product_cat?post=989755"},{"taxonomy":"product_tag","embeddable":true,"href":"https:\/\/new.fpc.chost.pl\/eng\/wp-json\/wp\/v2\/product_tag?post=989755"}],"curies":[{"name":"wp","href":"https:\/\/api.w.org\/{rel}","templated":true}]}}