{"id":989775,"date":"2024-08-13T10:30:19","date_gmt":"2024-08-13T08:30:19","guid":{"rendered":"https:\/\/new.fpc.org.pl\/?post_type=product&#038;p=989775"},"modified":"2024-08-28T14:32:33","modified_gmt":"2024-08-28T12:32:33","slug":"plakat-darii-solak","status":"publish","type":"product","link":"https:\/\/new.fpc.chost.pl\/eng\/sklep\/plakat-darii-solak\/","title":{"rendered":"Plakat Darii Solak"},"content":{"rendered":"<div class=\"vgblk-rw-wrapper limit-wrapper\">\n<div class=\"woocommerce-product-details__short-description\">\n<p>Daria Solak \u2013 polska ilustratorka i projektantka graficzna, kt\u00f3ra swoj\u0105 rozpoznawalno\u015b\u0107 od lat buduje za granic\u0105. Jedna z najbardziej rozpoznawalnych i charakterystycznych artystek m\u0142odego pokolenia. Studiowa\u0142a na Akademii Sztuk Pi\u0119knych w Warszawie i Bolonii. Tworzy ilustracj\u0119 prasow\u0105 i\u00a0 ksi\u0105\u017ckow\u0105. Opr\u00f3cz tego rysuje tak\u017ce na tkaniny, \u015bciany, poczt\u00f3wki, notesy. Wszystkie prace wykonuje r\u0119cznie, z u\u017cyciem farb, kredek i marker\u00f3w. W jej tw\u00f3rczo\u015bci cz\u0119sto pojawia si\u0119 temat dziewczyn, ro\u015blin i kot\u00f3w.<\/p>\n<p>Plakaty s\u0105 zwini\u0119te, zabezpieczone i wysy\u0142ane w tubach.<\/p>\n<\/div>\n<form class=\"cart\" action=\"https:\/\/fpc.org.pl\/produkt\/plakat-darii-solak\/\" enctype=\"multipart\/form-data\" method=\"post\" data-trp-original-action=\"https:\/\/fpc.org.pl\/produkt\/plakat-darii-solak\/\">\n<div class=\"quantity\"><\/div>\n<input type=\"hidden\" name=\"trp-form-language\" value=\"eng\"\/><\/form>\n<\/div>\n<p><!-- .vgblk-rw-wrapper --><\/p>","protected":false},"excerpt":{"rendered":"<div class=\"woocommerce-product-details__short-description\">\n<p>Kupuj\u0105c plakat wspierasz dzia\u0142ania Fundacji Powszechnego Czytania, pomagasz upowszechnia\u0107 czytelnictwo i walczy\u0107 z czytelniczym wykluczenie. Dzi\u0119ki Twojemu wsparciu dostarczamy ksi\u0105\u017cki do dzieci potrzebuj\u0105cych.<\/p>\n<p>Plakaty przygotowane zosta\u0142y przez polskich ilustrator\u00f3w z okazji 5-lecia Fundacji.<\/p>\n<p>Wymiary plakat\u00f3w: 50 x 70 cm (B2)<\/p>\n<p>Wizualizacje we wn\u0119trzach maj\u0105 charakter pogl\u0105dowy.<\/p>\n<\/div>\n<form class=\"cart\" action=\"https:\/\/fpc.org.pl\/produkt\/plakat-darii-solak\/\" enctype=\"multipart\/form-data\" method=\"post\" data-trp-original-action=\"https:\/\/fpc.org.pl\/produkt\/plakat-darii-solak\/\">\n<div class=\"quantity\"><\/div>\n<input type=\"hidden\" name=\"trp-form-language\" value=\"eng\"\/><\/form>","protected":false},"featured_media":989777,"template":"","meta":{"rank_math_lock_modified_date":false},"product_cat":[15,84,85],"product_tag":[67],"class_list":{"0":"post-989775","1":"product","2":"type-product","3":"status-publish","4":"has-post-thumbnail","6":"product_cat-inne","7":"product_cat-dzieci","8":"product_cat-rodzice","9":"product_tag-ilustracje-i-plakaty","10":"odd","12":"first","13":"instock","14":"taxable","15":"shipping-taxable","16":"purchasable","17":"product-type-simple"},"acf":[],"_links":{"self":[{"href":"https:\/\/new.fpc.chost.pl\/eng\/wp-json\/wp\/v2\/product\/989775","targetHints":{"allow":["GET"]}}],"collection":[{"href":"https:\/\/new.fpc.chost.pl\/eng\/wp-json\/wp\/v2\/product"}],"about":[{"href":"https:\/\/new.fpc.chost.pl\/eng\/wp-json\/wp\/v2\/types\/product"}],"version-history":[{"count":1,"href":"https:\/\/new.fpc.chost.pl\/eng\/wp-json\/wp\/v2\/product\/989775\/revisions"}],"predecessor-version":[{"id":989779,"href":"https:\/\/new.fpc.chost.pl\/eng\/wp-json\/wp\/v2\/product\/989775\/revisions\/989779"}],"wp:featuredmedia":[{"embeddable":true,"href":"https:\/\/new.fpc.chost.pl\/eng\/wp-json\/wp\/v2\/media\/989777"}],"wp:attachment":[{"href":"https:\/\/new.fpc.chost.pl\/eng\/wp-json\/wp\/v2\/media?parent=989775"}],"wp:term":[{"taxonomy":"product_cat","embeddable":true,"href":"https:\/\/new.fpc.chost.pl\/eng\/wp-json\/wp\/v2\/product_cat?post=989775"},{"taxonomy":"product_tag","embeddable":true,"href":"https:\/\/new.fpc.chost.pl\/eng\/wp-json\/wp\/v2\/product_tag?post=989775"}],"curies":[{"name":"wp","href":"https:\/\/api.w.org\/{rel}","templated":true}]}}