{"id":989792,"date":"2024-08-13T11:15:28","date_gmt":"2024-08-13T09:15:28","guid":{"rendered":"https:\/\/new.fpc.org.pl\/?post_type=product&#038;p=989792"},"modified":"2024-08-28T14:31:53","modified_gmt":"2024-08-28T12:31:53","slug":"plakat-joanny-gniady","status":"publish","type":"product","link":"https:\/\/new.fpc.chost.pl\/eng\/sklep\/plakat-joanny-gniady\/","title":{"rendered":"Plakat Joanny Gniady"},"content":{"rendered":"<div class=\"vgblk-rw-wrapper limit-wrapper\">Joanna Gniady \u2013 artystka, ilustratorka, zdoby\u0142a mi\u0119dzynarodow\u0105 rozpoznawalno\u015b\u0107 tworz\u0105c ilustracje artyku\u0142\u00f3w, ksi\u0105\u017cek, element\u00f3w kultury i reklam. Pracowa\u0142a m.in. z Op\u00e9ra National de Paris, The Guardian, Netflix, IKEA i Sephora. Cz\u0142onkini Stowarzyszenia Tw\u00f3rc\u00f3w Grafiki U\u017cytkowej (STGU). Jej tw\u00f3rczo\u015b\u0107 zdoby\u0142a uznanie The AOI \u2013 by\u0142a nominowana do nagrody World Illustration Awards 2017 \u2013 oraz przez 3\u00d73 International Illustration Awards, Professional Show (Zdobywczyni Nagrody 2015).<\/p>\n<p>W swoich pracach odwa\u017cnie i jak najbardziej \u2013 niepowtarzalnie bawi si\u0119 kszta\u0142tem i kolorem. Jej charakterystyczne postacie to czerwonouste kobiety i w\u0105saci m\u0119\u017cczy\u017ani, a tak\u017ce powtarzalne wz\u00f3r polka-dots.<\/p>\n<p>Plakaty s\u0105 zwini\u0119te, zabezpieczone i wysy\u0142ane w tubach.<\/p><\/div>\n<p><!-- .vgblk-rw-wrapper --><\/p>","protected":false},"excerpt":{"rendered":"<div class=\"woocommerce-product-details__short-description\">\n<p>Kupuj\u0105c plakat wspierasz dzia\u0142ania Fundacji Powszechnego Czytania, pomagasz upowszechnia\u0107 czytelnictwo i walczy\u0107 z czytelniczym wykluczenie. Dzi\u0119ki Twojemu wsparciu dostarczamy ksi\u0105\u017cki do dzieci potrzebuj\u0105cych.<\/p>\n<p>Plakaty przygotowane zosta\u0142y przez polskich ilustrator\u00f3w z okazji 5-lecia Fundacji.<\/p>\n<p>Wymiary plakat\u00f3w: 50 x 70 cm (B2)<\/p>\n<p>Wizualizacje we wn\u0119trzach maj\u0105 charakter pogl\u0105dowy.<\/p>\n<\/div>\n<form class=\"cart\" action=\"https:\/\/fpc.org.pl\/produkt\/plakat-joanny-gniady\/\" enctype=\"multipart\/form-data\" method=\"post\" data-trp-original-action=\"https:\/\/fpc.org.pl\/produkt\/plakat-joanny-gniady\/\">\n<div class=\"quantity\"><\/div>\n<input type=\"hidden\" name=\"trp-form-language\" value=\"eng\"\/><\/form>","protected":false},"featured_media":989794,"template":"","meta":{"rank_math_lock_modified_date":false},"product_cat":[15,84,85],"product_tag":[67],"class_list":{"0":"post-989792","1":"product","2":"type-product","3":"status-publish","4":"has-post-thumbnail","6":"product_cat-inne","7":"product_cat-dzieci","8":"product_cat-rodzice","9":"product_tag-ilustracje-i-plakaty","10":"odd","12":"first","13":"instock","14":"taxable","15":"shipping-taxable","16":"purchasable","17":"product-type-simple"},"acf":[],"_links":{"self":[{"href":"https:\/\/new.fpc.chost.pl\/eng\/wp-json\/wp\/v2\/product\/989792","targetHints":{"allow":["GET"]}}],"collection":[{"href":"https:\/\/new.fpc.chost.pl\/eng\/wp-json\/wp\/v2\/product"}],"about":[{"href":"https:\/\/new.fpc.chost.pl\/eng\/wp-json\/wp\/v2\/types\/product"}],"version-history":[{"count":2,"href":"https:\/\/new.fpc.chost.pl\/eng\/wp-json\/wp\/v2\/product\/989792\/revisions"}],"predecessor-version":[{"id":989797,"href":"https:\/\/new.fpc.chost.pl\/eng\/wp-json\/wp\/v2\/product\/989792\/revisions\/989797"}],"wp:featuredmedia":[{"embeddable":true,"href":"https:\/\/new.fpc.chost.pl\/eng\/wp-json\/wp\/v2\/media\/989794"}],"wp:attachment":[{"href":"https:\/\/new.fpc.chost.pl\/eng\/wp-json\/wp\/v2\/media?parent=989792"}],"wp:term":[{"taxonomy":"product_cat","embeddable":true,"href":"https:\/\/new.fpc.chost.pl\/eng\/wp-json\/wp\/v2\/product_cat?post=989792"},{"taxonomy":"product_tag","embeddable":true,"href":"https:\/\/new.fpc.chost.pl\/eng\/wp-json\/wp\/v2\/product_tag?post=989792"}],"curies":[{"name":"wp","href":"https:\/\/api.w.org\/{rel}","templated":true}]}}