{"id":989798,"date":"2024-08-13T11:22:26","date_gmt":"2024-08-13T09:22:26","guid":{"rendered":"https:\/\/new.fpc.org.pl\/?post_type=product&#038;p=989798"},"modified":"2024-08-28T14:31:40","modified_gmt":"2024-08-28T12:31:40","slug":"plakat-joanny-rusinek","status":"publish","type":"product","link":"https:\/\/new.fpc.chost.pl\/eng\/sklep\/plakat-joanny-rusinek\/","title":{"rendered":"Plakat Joanny Rusinek"},"content":{"rendered":"<div class=\"vgblk-rw-wrapper limit-wrapper\">Joanna Rusinek \u2013 \u00a0jedna z najwybitniejszych obecnie polskich ilustratorek, projektantka ok\u0142adek p\u0142yt i ksi\u0105\u017cek, pisarka. W swojej pracy zajmuje si\u0119 tak\u017ce obrazem ruchomym.\u00a0Wsp\u00f3\u0142prowadzi studio Kreska i Kropka, projektuj\u0105ce ok\u0142adki ksi\u0105\u017cek, oprawy graficzne, plakaty i identyfikacje wizualne. Jej dorobek ilustratorski jest bardzo szeroki. Jej subtelne obrazy z charakterystyczn\u0105 \u0142agodn\u0105 kresk\u0105 i stonowanymi kolorami, powstaj\u0105 w tradycyjny spos\u00f3b \u2013 artystka wykorzystuje technik\u0119 malowania akwarelami na papierze, a dopiero nast\u0119pnie obr\u00f3bk\u0119 komputerow\u0105.<\/p>\n<p>Plakaty s\u0105 zwini\u0119te, zabezpieczone i wysy\u0142ane w tubach.<\/p><\/div>\n<p><!-- .vgblk-rw-wrapper --><\/p>","protected":false},"excerpt":{"rendered":"<p>Kupuj\u0105c plakat wspierasz dzia\u0142ania Fundacji Powszechnego Czytania, pomagasz upowszechnia\u0107 czytelnictwo i walczy\u0107 z czytelniczym wykluczenie. Dzi\u0119ki Twojemu wsparciu dostarczamy ksi\u0105\u017cki do dzieci potrzebuj\u0105cych.<\/p>\n<p>Plakaty przygotowane zosta\u0142y przez polskich ilustrator\u00f3w z okazji 5-lecia Fundacji.<\/p>\n<p>Wymiary plakat\u00f3w: 50 x 70 cm (B2)<\/p>\n<p>Wizualizacje we wn\u0119trzach maj\u0105 charakter pogl\u0105dowy.<\/p>","protected":false},"featured_media":989800,"template":"","meta":{"rank_math_lock_modified_date":false},"product_cat":[15,84,85],"product_tag":[67],"class_list":{"0":"post-989798","1":"product","2":"type-product","3":"status-publish","4":"has-post-thumbnail","6":"product_cat-inne","7":"product_cat-dzieci","8":"product_cat-rodzice","9":"product_tag-ilustracje-i-plakaty","10":"odd","12":"first","13":"instock","14":"taxable","15":"shipping-taxable","16":"purchasable","17":"product-type-simple"},"acf":[],"_links":{"self":[{"href":"https:\/\/new.fpc.chost.pl\/eng\/wp-json\/wp\/v2\/product\/989798","targetHints":{"allow":["GET"]}}],"collection":[{"href":"https:\/\/new.fpc.chost.pl\/eng\/wp-json\/wp\/v2\/product"}],"about":[{"href":"https:\/\/new.fpc.chost.pl\/eng\/wp-json\/wp\/v2\/types\/product"}],"version-history":[{"count":2,"href":"https:\/\/new.fpc.chost.pl\/eng\/wp-json\/wp\/v2\/product\/989798\/revisions"}],"predecessor-version":[{"id":989803,"href":"https:\/\/new.fpc.chost.pl\/eng\/wp-json\/wp\/v2\/product\/989798\/revisions\/989803"}],"wp:featuredmedia":[{"embeddable":true,"href":"https:\/\/new.fpc.chost.pl\/eng\/wp-json\/wp\/v2\/media\/989800"}],"wp:attachment":[{"href":"https:\/\/new.fpc.chost.pl\/eng\/wp-json\/wp\/v2\/media?parent=989798"}],"wp:term":[{"taxonomy":"product_cat","embeddable":true,"href":"https:\/\/new.fpc.chost.pl\/eng\/wp-json\/wp\/v2\/product_cat?post=989798"},{"taxonomy":"product_tag","embeddable":true,"href":"https:\/\/new.fpc.chost.pl\/eng\/wp-json\/wp\/v2\/product_tag?post=989798"}],"curies":[{"name":"wp","href":"https:\/\/api.w.org\/{rel}","templated":true}]}}