{"id":989804,"date":"2024-08-13T11:30:10","date_gmt":"2024-08-13T09:30:10","guid":{"rendered":"https:\/\/new.fpc.org.pl\/?post_type=product&#038;p=989804"},"modified":"2024-08-28T14:31:28","modified_gmt":"2024-08-28T12:31:28","slug":"plakat-malgorzaty-cichockiej","status":"publish","type":"product","link":"https:\/\/new.fpc.chost.pl\/eng\/sklep\/plakat-malgorzaty-cichockiej\/","title":{"rendered":"Plakat Ma\u0142gorzaty Cichockiej"},"content":{"rendered":"<div class=\"vgblk-rw-wrapper limit-wrapper\">Ma\u0142gorzata Cichocka \u2013 polska ilustratorka m\u0142odego pokolenia, studentka wydzia\u0142u Grafiki Akademii Sztuk Pi\u0119knych w\u00a0Warszawie. Polska artystka, kt\u00f3rej prace to zar\u00f3wno grafiki, ilustracje ksi\u0105\u017cek, w tym literatury dzieci\u0119cej, jak i plakaty. Jej wyj\u0105tkowy styl, charakterystyczne i niebanalne formy oraz\u00a0 kolorystyka \u0142\u0105cz\u0105 wiele element\u00f3w, co sprawia, \u017ce s\u0105 ju\u017c dzi\u015b dobrze rozpoznawane w oczach odbiorc\u00f3w.<\/p>\n<p>Plakaty s\u0105 zwini\u0119te, zabezpieczone i wysy\u0142ane w tubach.<\/p><\/div>\n<p><!-- .vgblk-rw-wrapper --><\/p>","protected":false},"excerpt":{"rendered":"<p>Kupuj\u0105c plakat wspierasz dzia\u0142ania Fundacji Powszechnego Czytania, pomagasz upowszechnia\u0107 czytelnictwo i walczy\u0107 z czytelniczym wykluczenie. Dzi\u0119ki Twojemu wsparciu dostarczamy ksi\u0105\u017cki do dzieci potrzebuj\u0105cych.<\/p>\n<p>Plakaty przygotowane zosta\u0142y przez polskich ilustrator\u00f3w z okazji 5-lecia Fundacji.<\/p>\n<p>Wymiary plakat\u00f3w: 50 x 70 cm (B2)<\/p>\n<p>Wizualizacje we wn\u0119trzach maj\u0105 charakter pogl\u0105dowy.<\/p>","protected":false},"featured_media":989806,"template":"","meta":{"rank_math_lock_modified_date":false},"product_cat":[15,84,85],"product_tag":[67],"class_list":{"0":"post-989804","1":"product","2":"type-product","3":"status-publish","4":"has-post-thumbnail","6":"product_cat-inne","7":"product_cat-dzieci","8":"product_cat-rodzice","9":"product_tag-ilustracje-i-plakaty","10":"odd","12":"first","13":"instock","14":"taxable","15":"shipping-taxable","16":"purchasable","17":"product-type-simple"},"acf":[],"_links":{"self":[{"href":"https:\/\/new.fpc.chost.pl\/eng\/wp-json\/wp\/v2\/product\/989804","targetHints":{"allow":["GET"]}}],"collection":[{"href":"https:\/\/new.fpc.chost.pl\/eng\/wp-json\/wp\/v2\/product"}],"about":[{"href":"https:\/\/new.fpc.chost.pl\/eng\/wp-json\/wp\/v2\/types\/product"}],"version-history":[{"count":2,"href":"https:\/\/new.fpc.chost.pl\/eng\/wp-json\/wp\/v2\/product\/989804\/revisions"}],"predecessor-version":[{"id":989809,"href":"https:\/\/new.fpc.chost.pl\/eng\/wp-json\/wp\/v2\/product\/989804\/revisions\/989809"}],"wp:featuredmedia":[{"embeddable":true,"href":"https:\/\/new.fpc.chost.pl\/eng\/wp-json\/wp\/v2\/media\/989806"}],"wp:attachment":[{"href":"https:\/\/new.fpc.chost.pl\/eng\/wp-json\/wp\/v2\/media?parent=989804"}],"wp:term":[{"taxonomy":"product_cat","embeddable":true,"href":"https:\/\/new.fpc.chost.pl\/eng\/wp-json\/wp\/v2\/product_cat?post=989804"},{"taxonomy":"product_tag","embeddable":true,"href":"https:\/\/new.fpc.chost.pl\/eng\/wp-json\/wp\/v2\/product_tag?post=989804"}],"curies":[{"name":"wp","href":"https:\/\/api.w.org\/{rel}","templated":true}]}}