{"id":989810,"date":"2024-08-13T11:35:00","date_gmt":"2024-08-13T09:35:00","guid":{"rendered":"https:\/\/new.fpc.org.pl\/?post_type=product&#038;p=989810"},"modified":"2024-08-28T14:31:09","modified_gmt":"2024-08-28T12:31:09","slug":"plakat-marii-wierzbowskiej","status":"publish","type":"product","link":"https:\/\/new.fpc.chost.pl\/eng\/sklep\/plakat-marii-wierzbowskiej\/","title":{"rendered":"Plakat Marii Wierzbowskiej"},"content":{"rendered":"<div class=\"vgblk-rw-wrapper limit-wrapper\">Maria Wierzbowska \u2013 pocz\u0105tkuj\u0105ca polska graficzka, studentka Polsko-Japo\u0144skiej Akademii Technik Komputerowych w Warszawie, zajmuje si\u0119 projektowaniem identyfikacji wizualnych, tworzeniem plakat\u00f3w po\u015bwi\u0119conych wa\u017cnym kwestiom spo\u0142ecznym i wydarzeniom. Opr\u00f3cz tego tworzy piktogramy, infografiki, projektuje ksi\u0105\u017cki. W swoim portfolio mo\u017ce pochwali\u0107 si\u0119 projektami animacji i digital art.<\/p>\n<p>Plakaty s\u0105 zwini\u0119te, zabezpieczone i wysy\u0142ane w tubach.<\/p><\/div>\n<p><!-- .vgblk-rw-wrapper --><\/p>","protected":false},"excerpt":{"rendered":"<p>Kupuj\u0105c plakat wspierasz dzia\u0142ania Fundacji Powszechnego Czytania, pomagasz upowszechnia\u0107 czytelnictwo i walczy\u0107 z czytelniczym wykluczenie. Dzi\u0119ki Twojemu wsparciu dostarczamy ksi\u0105\u017cki do dzieci potrzebuj\u0105cych.<\/p>\n<p>Plakaty przygotowane zosta\u0142y przez polskich ilustrator\u00f3w z okazji 5-lecia Fundacji.<\/p>\n<p>Wymiary plakat\u00f3w: 50 x 70 cm (B2)<\/p>\n<p>Wizualizacje we wn\u0119trzach maj\u0105 charakter pogl\u0105dowy.<\/p>","protected":false},"featured_media":989812,"template":"","meta":{"rank_math_lock_modified_date":false},"product_cat":[15,84,85],"product_tag":[67],"class_list":{"0":"post-989810","1":"product","2":"type-product","3":"status-publish","4":"has-post-thumbnail","6":"product_cat-inne","7":"product_cat-dzieci","8":"product_cat-rodzice","9":"product_tag-ilustracje-i-plakaty","10":"odd","12":"first","13":"instock","14":"taxable","15":"shipping-taxable","16":"purchasable","17":"product-type-simple"},"acf":[],"_links":{"self":[{"href":"https:\/\/new.fpc.chost.pl\/eng\/wp-json\/wp\/v2\/product\/989810","targetHints":{"allow":["GET"]}}],"collection":[{"href":"https:\/\/new.fpc.chost.pl\/eng\/wp-json\/wp\/v2\/product"}],"about":[{"href":"https:\/\/new.fpc.chost.pl\/eng\/wp-json\/wp\/v2\/types\/product"}],"version-history":[{"count":2,"href":"https:\/\/new.fpc.chost.pl\/eng\/wp-json\/wp\/v2\/product\/989810\/revisions"}],"predecessor-version":[{"id":989815,"href":"https:\/\/new.fpc.chost.pl\/eng\/wp-json\/wp\/v2\/product\/989810\/revisions\/989815"}],"wp:featuredmedia":[{"embeddable":true,"href":"https:\/\/new.fpc.chost.pl\/eng\/wp-json\/wp\/v2\/media\/989812"}],"wp:attachment":[{"href":"https:\/\/new.fpc.chost.pl\/eng\/wp-json\/wp\/v2\/media?parent=989810"}],"wp:term":[{"taxonomy":"product_cat","embeddable":true,"href":"https:\/\/new.fpc.chost.pl\/eng\/wp-json\/wp\/v2\/product_cat?post=989810"},{"taxonomy":"product_tag","embeddable":true,"href":"https:\/\/new.fpc.chost.pl\/eng\/wp-json\/wp\/v2\/product_tag?post=989810"}],"curies":[{"name":"wp","href":"https:\/\/api.w.org\/{rel}","templated":true}]}}