{"id":989861,"date":"2024-08-13T12:19:50","date_gmt":"2024-08-13T10:19:50","guid":{"rendered":"https:\/\/new.fpc.org.pl\/?post_type=product&#038;p=989861"},"modified":"2024-08-20T09:33:22","modified_gmt":"2024-08-20T07:33:22","slug":"przekazuje-10-ksiazek-do-biblioteczki-w-domu-dziecka","status":"publish","type":"product","link":"https:\/\/new.fpc.chost.pl\/eng\/sklep\/przekazuje-10-ksiazek-do-biblioteczki-w-domu-dziecka\/","title":{"rendered":"Przekazuj\u0119 10 ksi\u0105\u017cek do biblioteczki w domu dziecka"},"content":{"rendered":"<div class=\"vgblk-rw-wrapper limit-wrapper\">\n<div class=\"woocommerce-tabs wc-tabs-wrapper\">\n<div id=\"tab-description\" class=\"woocommerce-Tabs-panel woocommerce-Tabs-panel--description panel entry-content wc-tab\" role=\"tabpanel\" aria-labelledby=\"tab-title-description\">\n<p>Podaruj ksi\u0105\u017cki dzieciom z domu dziecka. Uwolnij Supermoc Dobra.<\/p>\n<\/div>\n<\/div>\n<\/div>\n<p><!-- .vgblk-rw-wrapper --><\/p>","protected":false},"excerpt":{"rendered":"<p>Ksi\u0105\u017cki maj\u0105 moc odmieniania \u017cycia.<br \/>\nUwolnij supermoc dobra.<br \/>\nPodaruj ksi\u0105\u017cki dzieciom, kt\u00f3re ich nie maj\u0105.<\/p>\n<p>Twoja darowizna w wysoko\u015bci 100 z\u0142 pozwoli kupi\u0107 10 ksi\u0105\u017cek, kt\u00f3re trafi\u0105 do dzieci z dom\u00f3w dziecka.<\/p>","protected":false},"featured_media":989856,"template":"","meta":{"rank_math_lock_modified_date":false},"product_cat":[15],"product_tag":[72],"class_list":{"0":"post-989861","1":"product","2":"type-product","3":"status-publish","4":"has-post-thumbnail","6":"product_cat-inne","7":"product_tag-darowizna","8":"odd","10":"first","11":"instock","12":"taxable","13":"shipping-taxable","14":"purchasable","15":"product-type-simple"},"acf":[],"_links":{"self":[{"href":"https:\/\/new.fpc.chost.pl\/eng\/wp-json\/wp\/v2\/product\/989861","targetHints":{"allow":["GET"]}}],"collection":[{"href":"https:\/\/new.fpc.chost.pl\/eng\/wp-json\/wp\/v2\/product"}],"about":[{"href":"https:\/\/new.fpc.chost.pl\/eng\/wp-json\/wp\/v2\/types\/product"}],"version-history":[{"count":1,"href":"https:\/\/new.fpc.chost.pl\/eng\/wp-json\/wp\/v2\/product\/989861\/revisions"}],"predecessor-version":[{"id":989862,"href":"https:\/\/new.fpc.chost.pl\/eng\/wp-json\/wp\/v2\/product\/989861\/revisions\/989862"}],"wp:featuredmedia":[{"embeddable":true,"href":"https:\/\/new.fpc.chost.pl\/eng\/wp-json\/wp\/v2\/media\/989856"}],"wp:attachment":[{"href":"https:\/\/new.fpc.chost.pl\/eng\/wp-json\/wp\/v2\/media?parent=989861"}],"wp:term":[{"taxonomy":"product_cat","embeddable":true,"href":"https:\/\/new.fpc.chost.pl\/eng\/wp-json\/wp\/v2\/product_cat?post=989861"},{"taxonomy":"product_tag","embeddable":true,"href":"https:\/\/new.fpc.chost.pl\/eng\/wp-json\/wp\/v2\/product_tag?post=989861"}],"curies":[{"name":"wp","href":"https:\/\/api.w.org\/{rel}","templated":true}]}}