{"id":989863,"date":"2024-08-13T12:27:50","date_gmt":"2024-08-13T10:27:50","guid":{"rendered":"https:\/\/new.fpc.org.pl\/?post_type=product&#038;p=989863"},"modified":"2024-08-20T09:33:01","modified_gmt":"2024-08-20T07:33:01","slug":"przekazuje-5-ksiazek-dla-dzieci-z-rodzin-bedacych-pod-opieka-osrodkow-pomocy-spolecznej","status":"publish","type":"product","link":"https:\/\/new.fpc.chost.pl\/eng\/sklep\/przekazuje-5-ksiazek-dla-dzieci-z-rodzin-bedacych-pod-opieka-osrodkow-pomocy-spolecznej\/","title":{"rendered":"Przekazuj\u0119 5 ksi\u0105\u017cek dla dzieci z rodzin b\u0119d\u0105cych pod opiek\u0105 o\u015brodk\u00f3w pomocy spo\u0142ecznej"},"content":{"rendered":"<div class=\"vgblk-rw-wrapper limit-wrapper\">\n<div class=\"woocommerce-tabs wc-tabs-wrapper\">\n<div id=\"tab-description\" class=\"woocommerce-Tabs-panel woocommerce-Tabs-panel--description panel entry-content wc-tab\" role=\"tabpanel\" aria-labelledby=\"tab-title-description\">\n<p>Za warto\u015b\u0107 twojej darowizny zakupimy 5 ksi\u0105\u017cek i przeka\u017cemy je dzieciom z rodzin zagro\u017conych wykluczeniem spo\u0142ecznym.<\/p>\n<\/div>\n<\/div>\n<\/div>\n<p><!-- .vgblk-rw-wrapper --><\/p>","protected":false},"excerpt":{"rendered":"<p>Ksi\u0105\u017cki maj\u0105 moc \u0142\u0105czenia ludzi.<br \/>\nUwolnij Supermoc Dobra.<br \/>\nPodaruj ksi\u0105\u017cki rodzinom, kt\u00f3rym ksi\u0105\u017cek brakuje.<\/p>\n<p>Za warto\u015b\u0107 twojej darowizny zakupimy 5 ksi\u0105\u017cek i przeka\u017cemy je dzieciom z rodzin zagro\u017conych wykluczeniem spo\u0142ecznym, b\u0119d\u0105cych pod opiek\u0105 O\u015brodk\u00f3w Pomocy Spo\u0142ecznej.<\/p>","protected":false},"featured_media":989855,"template":"","meta":{"rank_math_lock_modified_date":false},"product_cat":[15],"product_tag":[72],"class_list":{"0":"post-989863","1":"product","2":"type-product","3":"status-publish","4":"has-post-thumbnail","6":"product_cat-inne","7":"product_tag-darowizna","8":"odd","10":"first","11":"instock","12":"taxable","13":"shipping-taxable","14":"purchasable","15":"product-type-simple"},"acf":[],"_links":{"self":[{"href":"https:\/\/new.fpc.chost.pl\/eng\/wp-json\/wp\/v2\/product\/989863","targetHints":{"allow":["GET"]}}],"collection":[{"href":"https:\/\/new.fpc.chost.pl\/eng\/wp-json\/wp\/v2\/product"}],"about":[{"href":"https:\/\/new.fpc.chost.pl\/eng\/wp-json\/wp\/v2\/types\/product"}],"version-history":[{"count":3,"href":"https:\/\/new.fpc.chost.pl\/eng\/wp-json\/wp\/v2\/product\/989863\/revisions"}],"predecessor-version":[{"id":989866,"href":"https:\/\/new.fpc.chost.pl\/eng\/wp-json\/wp\/v2\/product\/989863\/revisions\/989866"}],"wp:featuredmedia":[{"embeddable":true,"href":"https:\/\/new.fpc.chost.pl\/eng\/wp-json\/wp\/v2\/media\/989855"}],"wp:attachment":[{"href":"https:\/\/new.fpc.chost.pl\/eng\/wp-json\/wp\/v2\/media?parent=989863"}],"wp:term":[{"taxonomy":"product_cat","embeddable":true,"href":"https:\/\/new.fpc.chost.pl\/eng\/wp-json\/wp\/v2\/product_cat?post=989863"},{"taxonomy":"product_tag","embeddable":true,"href":"https:\/\/new.fpc.chost.pl\/eng\/wp-json\/wp\/v2\/product_tag?post=989863"}],"curies":[{"name":"wp","href":"https:\/\/api.w.org\/{rel}","templated":true}]}}