{"id":989869,"date":"2024-08-13T13:48:11","date_gmt":"2024-08-13T11:48:11","guid":{"rendered":"https:\/\/new.fpc.org.pl\/?post_type=product&#038;p=989869"},"modified":"2024-08-20T09:32:04","modified_gmt":"2024-08-20T07:32:04","slug":"swiat-jest-piekny-ksiazka-przeciw-wojnie","status":"publish","type":"product","link":"https:\/\/new.fpc.chost.pl\/eng\/sklep\/swiat-jest-piekny-ksiazka-przeciw-wojnie\/","title":{"rendered":"\u015awiat jest pi\u0119kny Ksi\u0105\u017cka przeciw wojnie"},"content":{"rendered":"<div class=\"vgblk-rw-wrapper limit-wrapper\">Niniejsza publikacja powsta\u0142a dzi\u0119ki pisarzom i ilustratorom, kt\u00f3rzy poruszeni wojn\u0105 w Ukrainie ofiarowali swoje dzie\u0142a jako wyraz wsp\u00f3\u0142czucia dla jej najm\u0142odszych ofiar. Ksi\u0105\u017cka niesie ze sob\u0105 pozytywne przes\u0142anie: \u015awiat jest pi\u0119kny pomimo z\u0142a, kt\u00f3re wida\u0107. Oddajemy w r\u0119ce rodzic\u00f3w i opiekun\u00f3w publikacj\u0119, kt\u00f3ra, mamy nadziej\u0119, b\u0119dzie narz\u0119dziem do odwa\u017cnej rozmowy o wojnie, ale narz\u0119dziem, kt\u00f3re jednocze\u015bnie pomaga pokaza\u0107, \u017ce \u015bwiat pozostaje pi\u0119kny, \u017ce z\u0142o nie zwyci\u0119\u017cy\u0142o i nie zwyci\u0119\u017cy. Ksi\u0105\u017cka przeznaczona jest dla dzieci przedszkolnych i wczesnoszkolnych.<br \/>\nWszelkie dochody Fundacji z tytu\u0142u dystrybucji ksi\u0105\u017cki przeznaczone b\u0119d\u0105 na dalsz\u0105 pomoc uchod\u017acom.<\/div>\n<p><!-- .vgblk-rw-wrapper --><\/p>","protected":false},"excerpt":{"rendered":"<p>Niniejsza publikacja powsta\u0142a dzi\u0119ki pisarzom i ilustratorom, kt\u00f3rzy poruszeni wojn\u0105 w Ukrainie ofiarowali swoje dzie\u0142a jako wyraz wsp\u00f3\u0142czucia dla jej najm\u0142odszych ofiar. Ksi\u0105\u017cka niesie ze sob\u0105 pozytywne przes\u0142anie: \u015awiat jest pi\u0119kny pomimo z\u0142a, kt\u00f3re wida\u0107.<\/p>","protected":false},"featured_media":989850,"template":"","meta":{"rank_math_lock_modified_date":false},"product_cat":[15],"product_tag":[75],"class_list":{"0":"post-989869","1":"product","2":"type-product","3":"status-publish","4":"has-post-thumbnail","6":"product_cat-inne","7":"product_tag-ksiazki","8":"odd","10":"first","11":"instock","12":"sale","13":"taxable","14":"shipping-taxable","15":"purchasable","16":"product-type-simple"},"acf":[],"_links":{"self":[{"href":"https:\/\/new.fpc.chost.pl\/eng\/wp-json\/wp\/v2\/product\/989869","targetHints":{"allow":["GET"]}}],"collection":[{"href":"https:\/\/new.fpc.chost.pl\/eng\/wp-json\/wp\/v2\/product"}],"about":[{"href":"https:\/\/new.fpc.chost.pl\/eng\/wp-json\/wp\/v2\/types\/product"}],"version-history":[{"count":1,"href":"https:\/\/new.fpc.chost.pl\/eng\/wp-json\/wp\/v2\/product\/989869\/revisions"}],"predecessor-version":[{"id":989870,"href":"https:\/\/new.fpc.chost.pl\/eng\/wp-json\/wp\/v2\/product\/989869\/revisions\/989870"}],"wp:featuredmedia":[{"embeddable":true,"href":"https:\/\/new.fpc.chost.pl\/eng\/wp-json\/wp\/v2\/media\/989850"}],"wp:attachment":[{"href":"https:\/\/new.fpc.chost.pl\/eng\/wp-json\/wp\/v2\/media?parent=989869"}],"wp:term":[{"taxonomy":"product_cat","embeddable":true,"href":"https:\/\/new.fpc.chost.pl\/eng\/wp-json\/wp\/v2\/product_cat?post=989869"},{"taxonomy":"product_tag","embeddable":true,"href":"https:\/\/new.fpc.chost.pl\/eng\/wp-json\/wp\/v2\/product_tag?post=989869"}],"curies":[{"name":"wp","href":"https:\/\/api.w.org\/{rel}","templated":true}]}}