{"id":989871,"date":"2024-08-13T13:57:46","date_gmt":"2024-08-13T11:57:46","guid":{"rendered":"https:\/\/new.fpc.org.pl\/?post_type=product&#038;p=989871"},"modified":"2024-08-20T09:31:29","modified_gmt":"2024-08-20T07:31:29","slug":"zestaw-dla-bibliotek","status":"publish","type":"product","link":"https:\/\/new.fpc.chost.pl\/eng\/sklep\/zestaw-dla-bibliotek\/","title":{"rendered":"Zestaw dla bibliotek"},"content":{"rendered":"<div class=\"vgblk-rw-wrapper limit-wrapper\"><strong>Plakat Dawida Ryskiego\u00a0<\/strong>\u2013 plakat polskiej ilustratora z has\u0142em: \u201eRatujmy czytelnictwo\u201d, przygotowany specjalnie w ramach kampanii FPC Ratownicy Czytelnictwa. Wymiary: 50 x 70 cm (format B2).<\/p>\n<p>Dawid Ryski \u2013 znany r\u00f3wnie\u017c jako Talkseek lub Risky, ilustrator, grafik i muzyk. Projektuje plakaty koncertowe, ok\u0142adki p\u0142yt, ilustruje pras\u0119. Jego ilustracje mo\u017cna znale\u017a\u0107 m.in. w \u201eDu\u017cym Formacie\u201d, \u201ePrzekroju\u201d, \u201eWprost\u201d czy \u201eCharakterach\u201d. Jako grafik wsp\u00f3\u0142pracowa\u0142 z \u0141\u00f3d\u017a Design Festival, Watch Docs Festiwal oraz Goethe Institut. Przygotowuje r\u00f3wnie\u017c plakaty koncertowe, wykona\u0142 je m.in. dla zespo\u0142\u00f3w Franz Ferdinand, Zola Jesus, Gossip, Afghan Whigs.<\/p>\n<p><strong>Plakat Joanny Rusinek \u2013\u00a0<\/strong>plakat polskiej ilustratorki z has\u0142em \u201eCzytanie zmienia \u015bwiat na lepszy\u201d, przygotowany specjalnie z okazji 5-lecia Fundacji. Wymiary: 50 x 70 cm (format B2).<\/p>\n<p>Joanna Rusinek \u2013 \u00a0jedna z najwybitniejszych obecnie polskich ilustratorek, projektantka ok\u0142adek p\u0142yt i ksi\u0105\u017cek, pisarka. W swojej pracy zajmuje si\u0119 tak\u017ce obrazem ruchomym.\u00a0Wsp\u00f3\u0142prowadzi studio Kreska i Kropka, projektuj\u0105ce ok\u0142adki ksi\u0105\u017cek, oprawy graficzne, plakaty i identyfikacje wizualne.<\/p>\n<p><strong>Ksi\u0105\u017cka \u201e\u015awiat jest pi\u0119kny. Ksi\u0105\u017cka przecie wojnie\u201d<\/strong>\u00a0\u2013 publikacja powsta\u0142a z inicjatywy FPC, dzi\u0119ki zaanga\u017cowaniu 59 tw\u00f3rc\u00f3w. Pisarze i ilustratorzy poruszeni wojn\u0105 w Ukrainie ofiarowali swoje dzie\u0142a jako wyraz wsp\u00f3\u0142czucia dla jej najm\u0142odszych ofiar. Ksi\u0105\u017cka niesie ze sob\u0105 pozytywne przes\u0142anie: \u015awiat jest pi\u0119kny pomimo z\u0142a, kt\u00f3re wida\u0107. To publikacja, kt\u00f3ra ma sta\u0107 si\u0119 narz\u0119dziem do odwa\u017cnej rozmowy z dzie\u0107mi o wojnie, ale narz\u0119dziem, kt\u00f3re jednocze\u015bnie pomaga pokaza\u0107, \u017ce \u015bwiat pozostaje pi\u0119kny, \u017ce z\u0142o nie zwyci\u0119\u017cy\u0142o i nie zwyci\u0119\u017cy. Ksi\u0105\u017cka przeznaczona jest dla dzieci przedszkolnych i wczesnoszkolnych.<\/p>\n<p><strong>5 koszulek z logo kampanii Ratownicy Czytelnictwa<\/strong>\u00a0\u2013 w tej koszulce mo\u017cesz poczu\u0107 supermoc nios\u0105c nasze idee w \u015bwiat! Ratownicy czytelnictwa, to wsp\u00f3lnota edukator\u00f3w-lider\u00f3w, kt\u00f3rzy pracuj\u0105 razem, wspieraj\u0105c si\u0119 wzajemnie, na rzecz upowszechnienia czytania w\u015br\u00f3d dzieci. Wizj\u0105 jest, by uczniowie i nauczyciele rozwijali si\u0119 wszechstronnie, troszczyli si\u0119 o siebie nawzajem, dbali o otaczaj\u0105cy \u015bwiat, potrafili rozmawia\u0107 ze sob\u0105 rozumiej\u0105c si\u0119 i szanuj\u0105c wzajemnie. Czytanie ksi\u0105\u017cek buduje takie spo\u0142eczno\u015bci.<\/p>\n<p>Koszulki zosta\u0142y wykonane z wysokogatunkowej, mi\u0119kkiej w dotyku bawe\u0142ny o gramaturze 145g\/m2. Koszulki damskie s\u0105 taliowane, dzi\u0119ki czemu idealnie dopasowuj\u0105 si\u0119 do cia\u0142a, a koszulki m\u0119skie maj\u0105 lu\u017any kr\u00f3j.<\/p>\n<p>Koszulka taliowana: szeroko\u015b\u0107 43 cm, d\u0142ugo\u015b\u0107 62 cm<br \/>\nKoszulka prosta: szeroko\u015b\u0107 53 cm, d\u0142ugo\u015b\u0107 70 cm<br \/>\nMateria\u0142: 100% bawe\u0142na<\/p>\n<p><strong>OPR\u00d3CZ TEGO DO ZESTAW\u00d3W DO\u0141\u0104CZAMY BEZP\u0141ATNIE:<\/strong><\/p>\n<p><strong>10x Poradnik upowszechniania czytania \u201eSupermoc Ksi\u0105\u017cek\u201d (PORADNIK JEST BROSZUR\u0104 PRZEZNACZON\u0104 DLA EKSPERT\u00d3W, tj. profesjonalist\u00f3w i wolontariuszy anga\u017cuj\u0105cych si\u0119 na rzecz czytelnictwa)\u00a0<\/strong>\u00a0\u2013 przysz\u0142o\u015b\u0107 Polski zale\u017cy od tego na ile uda si\u0119 nam wsp\u00f3lnie podnie\u015b\u0107 poziom czytelnictwa. Uda si\u0119 nam, je\u015bli b\u0119dziemy pracowali razem ku wsp\u00f3lnemu celowi. Ten poradnik to pr\u00f3ba zdefiniowania tego celu oraz dr\u00f3g, kt\u00f3re mog\u0105 prowadzi\u0107 do jego osi\u0105gni\u0119cia.<\/p>\n<p>Answers the questions:<br \/>\n\u2013 Po co upowszechnia\u0107 czytanie?<br \/>\n\u2013 Jak do tego podej\u015b\u0107, by osi\u0105gn\u0105\u0107 zmian\u0105 na skal\u0119 kraju?<br \/>\n\u2013 Jakie s\u0105 sprawdzone metodologie?<\/p>\n<p><strong>100 x Poradnik upowszechniania czytania \u201eSupermoc Ksi\u0105\u017cek: #TataTe\u017cCzyta\u201d (PORADNIK JEST BROSZUR\u0104 SKIEROWAN\u0104 DO RODZIC\u00d3W I OPIEKUN\u00d3W, przede wszystkim do m\u0119\u017cczyzn) \u2013\u00a0<\/strong>Dzi\u015b w Polsce ch\u0142opcy i panowie czytaj\u0105 du\u017co mniej ni\u017c dziewczynki i kobiety. Na pewno jedn\u0105 z przyczyn jest brak m\u0119skiego czytaj\u0105cego wzorca \u2013 warto to zmienia\u0107. Tatusiowie, Wujowie, Dziadkowie, Starsi Bracia, Opiekunowie, Trenerzy \u2013 czytajcie! Ka\u017cdy rodzic czy opiekun regularnie czytaj\u0105cy to szcz\u0119\u015bcie i fundament przysz\u0142o\u015bci dziecka. W tej broszurze pokazujemy, dlaczego i namawiamy do czytania dzieciom.<\/p>\n<p><strong>100x Poradnik upowszechniania czytania: \u201eSupermoc Ksi\u0105\u017cek w domu: Jak czyta\u0107 z dzieckiem?\u201d (ULOTKA SKIEROWANA DO RODZIC\u00d3W) \u2013\u00a0<\/strong>wyj\u0105tkowy plakat A4 z zasadami rozwijania kompetencji czytelniczych dzieci. Plakat ma na celu wsparcie rodzic\u00f3w w budowaniu nawyku czytania u swoich dzieci.<\/p>\n<p><strong>100x Materia\u0142 edukacyjny dla rodzic\u00f3w i dzieci\u00a0<\/strong>\u2013 Aby czytanie sta\u0142o si\u0119 dobr\u0105 praktyk\u0105 w ka\u017cdym domu, przygotowali\u015bmy Dzienniczek Ma\u0142ego Czytelnika, wraz z zasadami jak czyta\u0107 z dzieckiem.<\/p>\n<p><strong>Zestaw 100 zak\u0142adek do ksi\u0105\u017cek\u00a0<\/strong>\u2013 materia\u0142y promocyjne kampanie Fundacji Powszechnego Czytania promuj\u0105ce czytanie ksi\u0105\u017cek i korzy\u015bci, kt\u00f3re z tego p\u0142yn\u0105.<\/div>\n<p><!-- .vgblk-rw-wrapper --><\/p>","protected":false},"excerpt":{"rendered":"<div class=\"woocommerce-product-details__short-description\">\n<p>Zestaw sk\u0142ada si\u0119 z materia\u0142\u00f3w promuj\u0105cych czytelnictwo, kt\u00f3re zach\u0119caj\u0105 do dzia\u0142ania w tym celu razem z Fundacj\u0105 Powszechnego Czytania. Do ka\u017cdego zestawu GRATIS do\u0142\u0105czane s\u0105 bezp\u0142atne publikacje FPC po\u015bwi\u0119cone upowszechnianiu czytania, w wersji drukowanej.<\/p>\n<\/div>\n<form class=\"cart\" action=\"https:\/\/fpc.org.pl\/produkt\/zestaw-dla-bibliotek\/\" enctype=\"multipart\/form-data\" method=\"post\" data-trp-original-action=\"https:\/\/fpc.org.pl\/produkt\/zestaw-dla-bibliotek\/\">\n<div class=\"quantity\"><\/div>\n<input type=\"hidden\" name=\"trp-form-language\" value=\"eng\"\/><\/form>","protected":false},"featured_media":989847,"template":"","meta":{"rank_math_lock_modified_date":false},"product_cat":[83],"product_tag":[67,75,69],"class_list":{"0":"post-989871","1":"product","2":"type-product","3":"status-publish","4":"has-post-thumbnail","6":"product_cat-biblioteki","7":"product_tag-ilustracje-i-plakaty","8":"product_tag-ksiazki","9":"product_tag-ubrania","10":"odd","12":"first","13":"instock","14":"taxable","15":"shipping-taxable","16":"purchasable","17":"product-type-simple"},"acf":[],"_links":{"self":[{"href":"https:\/\/new.fpc.chost.pl\/eng\/wp-json\/wp\/v2\/product\/989871","targetHints":{"allow":["GET"]}}],"collection":[{"href":"https:\/\/new.fpc.chost.pl\/eng\/wp-json\/wp\/v2\/product"}],"about":[{"href":"https:\/\/new.fpc.chost.pl\/eng\/wp-json\/wp\/v2\/types\/product"}],"version-history":[{"count":1,"href":"https:\/\/new.fpc.chost.pl\/eng\/wp-json\/wp\/v2\/product\/989871\/revisions"}],"predecessor-version":[{"id":989872,"href":"https:\/\/new.fpc.chost.pl\/eng\/wp-json\/wp\/v2\/product\/989871\/revisions\/989872"}],"wp:featuredmedia":[{"embeddable":true,"href":"https:\/\/new.fpc.chost.pl\/eng\/wp-json\/wp\/v2\/media\/989847"}],"wp:attachment":[{"href":"https:\/\/new.fpc.chost.pl\/eng\/wp-json\/wp\/v2\/media?parent=989871"}],"wp:term":[{"taxonomy":"product_cat","embeddable":true,"href":"https:\/\/new.fpc.chost.pl\/eng\/wp-json\/wp\/v2\/product_cat?post=989871"},{"taxonomy":"product_tag","embeddable":true,"href":"https:\/\/new.fpc.chost.pl\/eng\/wp-json\/wp\/v2\/product_tag?post=989871"}],"curies":[{"name":"wp","href":"https:\/\/api.w.org\/{rel}","templated":true}]}}