{"id":989875,"date":"2024-08-13T14:06:21","date_gmt":"2024-08-13T12:06:21","guid":{"rendered":"https:\/\/new.fpc.org.pl\/?post_type=product&#038;p=989875"},"modified":"2024-08-13T14:06:21","modified_gmt":"2024-08-13T12:06:21","slug":"zestaw-gadzetow-koszulka-skarpetki-i-ksiazka-swiat-jest-piekny","status":"publish","type":"product","link":"https:\/\/new.fpc.chost.pl\/eng\/sklep\/zestaw-gadzetow-koszulka-skarpetki-i-ksiazka-swiat-jest-piekny\/","title":{"rendered":"Zestaw gad\u017cet\u00f3w koszulka, skarpetki i ksi\u0105\u017cka \u201e\u015awiat Jest Pi\u0119kny\u201d"},"content":{"rendered":"<div class=\"vgblk-rw-wrapper limit-wrapper\"><strong>Koszulka z logo kampanii Ratownicy Czytelnictwa<\/strong>\u00a0\u2013 w tej koszulce mo\u017cesz poczu\u0107 supermoc nios\u0105c nasze idee w \u015bwiat! Ratownicy czytelnictwa, to wsp\u00f3lnota edukator\u00f3w-lider\u00f3w, kt\u00f3rzy pracuj\u0105 razem, wspieraj\u0105c si\u0119 wzajemnie, na rzecz upowszechnienia czytania w\u015br\u00f3d dzieci. Wizj\u0105 jest, by uczniowie i nauczyciele rozwijali si\u0119 wszechstronnie, troszczyli si\u0119 o siebie nawzajem, dbali o otaczaj\u0105cy \u015bwiat, potrafili rozmawia\u0107 ze sob\u0105 rozumiej\u0105c si\u0119 i szanuj\u0105c wzajemnie. Czytanie ksi\u0105\u017cek buduje takie spo\u0142eczno\u015bci.<\/p>\n<p>Koszulki zosta\u0142y wykonane z wysokogatunkowej, mi\u0119kkiej w dotyku bawe\u0142ny o gramaturze 145g\/m2. Koszulki damskie s\u0105 taliowane, dzi\u0119ki czemu idealnie dopasowuj\u0105 si\u0119 do cia\u0142a, a koszulki m\u0119skie maj\u0105 lu\u017any kr\u00f3j.<\/p>\n<p>Koszulka taliowana: szeroko\u015b\u0107 43 cm, d\u0142ugo\u015b\u0107 62 cm<br \/>\nKoszulka prosta: szeroko\u015b\u0107 53 cm, d\u0142ugo\u015b\u0107 70 cm<br \/>\nMateria\u0142: 100% bawe\u0142na<\/p>\n<p><strong>Skarpetki z logo i has\u0142em kampanii<\/strong>\u00a0<strong>#TataTe\u017cCzyta \u2013\u00a0<\/strong>kampania powsta\u0142a z my\u015bl\u0105 zach\u0119cania m\u0119\u017cczyzn, g\u0142\u00f3wnie ojc\u00f3w, do czytania sobie i dzieciom. Badania pokazuj\u0105, \u017ce obecnie robi\u0105 to o wiele rzadziej ni\u017c kobiety. Wybieraj\u0105c produkt z naszym has\u0142em pomagasz mu dotrze\u0107 jeszcze szerzej!<\/p>\n<p>Skarpetki zosta\u0142y zaprojektowane i wyprodukowane w Polsce.<\/p>\n<p>Rozmiar: 39-42<\/p>\n<p>Materia\u0142: 87% bawe\u0142na, 10% poliamid, 2% elastan<\/p>\n<p><strong>Ksi\u0105\u017cka \u201e\u015awiat jest pi\u0119kny. Ksi\u0105\u017cka przecie wojnie\u201d<\/strong>\u00a0\u2013 publikacja powsta\u0142a z inicjatywy FPC, dzi\u0119ki zaanga\u017cowaniu 59 tw\u00f3rc\u00f3w. Pisarze i ilustratorzy poruszeni wojn\u0105 w Ukrainie ofiarowali swoje dzie\u0142a jako wyraz wsp\u00f3\u0142czucia dla jej najm\u0142odszych ofiar. Ksi\u0105\u017cka niesie ze sob\u0105 pozytywne przes\u0142anie: \u015awiat jest pi\u0119kny pomimo z\u0142a, kt\u00f3re wida\u0107. To publikacja, kt\u00f3ra ma sta\u0107 si\u0119 narz\u0119dziem do odwa\u017cnej rozmowy z dzie\u0107mi o wojnie, ale narz\u0119dziem, kt\u00f3re jednocze\u015bnie pomaga pokaza\u0107, \u017ce \u015bwiat pozostaje pi\u0119kny, \u017ce z\u0142o nie zwyci\u0119\u017cy\u0142o i nie zwyci\u0119\u017cy. Ksi\u0105\u017cka przeznaczona jest dla dzieci przedszkolnych i wczesnoszkolnych.<\/div>\n<p><!-- .vgblk-rw-wrapper --><\/p>","protected":false},"excerpt":{"rendered":"<div class=\"woocommerce-product-details__short-description\">\n<p>Zestaw sk\u0142ada si\u0119 z materia\u0142\u00f3w promuj\u0105cych czytelnictwo, kt\u00f3re zach\u0119caj\u0105 do dzia\u0142ania w tym celu razem z Fundacj\u0105 Powszechnego Czytania.<\/p>\n<\/div>\n<form class=\"cart\" action=\"https:\/\/fpc.org.pl\/produkt\/42086\/\" enctype=\"multipart\/form-data\" method=\"post\" data-trp-original-action=\"https:\/\/fpc.org.pl\/produkt\/42086\/\">\n<div class=\"quantity\"><\/div>\n<input type=\"hidden\" name=\"trp-form-language\" value=\"eng\"\/><\/form>","protected":false},"featured_media":989828,"template":"","meta":{"rank_math_lock_modified_date":false},"product_cat":[15],"product_tag":[75,69],"class_list":{"0":"post-989875","1":"product","2":"type-product","3":"status-publish","4":"has-post-thumbnail","6":"product_cat-inne","7":"product_tag-ksiazki","8":"product_tag-ubrania","9":"odd","11":"first","12":"instock","13":"taxable","14":"shipping-taxable","15":"purchasable","16":"product-type-simple"},"acf":[],"_links":{"self":[{"href":"https:\/\/new.fpc.chost.pl\/eng\/wp-json\/wp\/v2\/product\/989875","targetHints":{"allow":["GET"]}}],"collection":[{"href":"https:\/\/new.fpc.chost.pl\/eng\/wp-json\/wp\/v2\/product"}],"about":[{"href":"https:\/\/new.fpc.chost.pl\/eng\/wp-json\/wp\/v2\/types\/product"}],"version-history":[{"count":2,"href":"https:\/\/new.fpc.chost.pl\/eng\/wp-json\/wp\/v2\/product\/989875\/revisions"}],"predecessor-version":[{"id":989878,"href":"https:\/\/new.fpc.chost.pl\/eng\/wp-json\/wp\/v2\/product\/989875\/revisions\/989878"}],"wp:featuredmedia":[{"embeddable":true,"href":"https:\/\/new.fpc.chost.pl\/eng\/wp-json\/wp\/v2\/media\/989828"}],"wp:attachment":[{"href":"https:\/\/new.fpc.chost.pl\/eng\/wp-json\/wp\/v2\/media?parent=989875"}],"wp:term":[{"taxonomy":"product_cat","embeddable":true,"href":"https:\/\/new.fpc.chost.pl\/eng\/wp-json\/wp\/v2\/product_cat?post=989875"},{"taxonomy":"product_tag","embeddable":true,"href":"https:\/\/new.fpc.chost.pl\/eng\/wp-json\/wp\/v2\/product_tag?post=989875"}],"curies":[{"name":"wp","href":"https:\/\/api.w.org\/{rel}","templated":true}]}}