{"id":989877,"date":"2024-08-13T14:11:52","date_gmt":"2024-08-13T12:11:52","guid":{"rendered":"https:\/\/new.fpc.org.pl\/?post_type=product&#038;p=989877"},"modified":"2024-08-19T16:14:34","modified_gmt":"2024-08-19T14:14:34","slug":"%d1%81%d0%b2%d1%96%d1%82-%d0%bf%d1%80%d0%b5%d0%ba%d1%80%d0%b0%d1%81%d0%bd%d0%b8%d0%b9-%d0%ba%d0%bd%d0%b8%d0%b6%d0%ba%d0%b0-%d0%bf%d1%80%d0%be%d1%82%d0%b8-%d0%b2%d1%96%d0%b9%d0%bd%d0%b8-swiat","status":"publish","type":"product","link":"https:\/\/new.fpc.chost.pl\/eng\/sklep\/%d1%81%d0%b2%d1%96%d1%82-%d0%bf%d1%80%d0%b5%d0%ba%d1%80%d0%b0%d1%81%d0%bd%d0%b8%d0%b9-%d0%ba%d0%bd%d0%b8%d0%b6%d0%ba%d0%b0-%d0%bf%d1%80%d0%be%d1%82%d0%b8-%d0%b2%d1%96%d0%b9%d0%bd%d0%b8-swiat\/","title":{"rendered":"\u0421\u0412\u0406\u0422 \u041f\u0420\u0415\u041a\u0420\u0410\u0421\u041d\u0418\u0419 \u041a\u043d\u0438\u0436\u043a\u0430 \u043f\u0440\u043e\u0442\u0438 \u0432\u0456\u0439\u043d\u0438 \u2013 \u015awiat jest pi\u0119kny. Ksi\u0105\u017cka przeciw wojnie \u2013 wydanie w j\u0119zyku ukrai\u0144skim"},"content":{"rendered":"<div class=\"vgblk-rw-wrapper limit-wrapper\">Ksi\u0105\u017cka w j\u0119zyku ukrai\u0144skim<\/p>\n<p>\u041a\u043d\u0438\u0436\u043a\u0430 \u0437\u0430\u0445\u0438\u0449\u0430\u0454 \u2014 \u0432\u0456\u0434\u0432\u043e\u043b\u0456\u043a\u0430\u0454 \u0432\u0456\u0434 \u043d\u0435\u043f\u0440\u043e\u0441\u0442\u043e\u0457 \u0434\u0456\u0439\u0441\u043d\u043e\u0441\u0442\u0456, \u043f\u043e\u043a\u0430\u0437\u0443\u0454 \u043d\u043e\u0432\u0456<br \/>\n\u043c\u043e\u0436\u043b\u0438\u0432\u043e\u0441\u0442\u0456, \u0434\u043e\u0437\u0432\u043e\u043b\u044f\u0454 \u0434\u0443\u043c\u0430\u0442\u0438 \u043f\u0440\u043e \u043c\u0430\u0439\u0431\u0443\u0442\u043d\u0454. \u041a\u043d\u0438\u0436\u043a\u0430 \u0431\u0443\u0434\u0443\u0454 \u2014 \u0431\u0430\u0442\u044c\u043a\u0438,<br \/>\n\u044f\u043a\u0456 \u0447\u0438\u0442\u0430\u044e\u0442\u044c \u0437 \u0434\u0456\u0442\u044c\u043c\u0438, \u0437\u0430\u043a\u043b\u0430\u0434\u0430\u044e\u0442\u044c \u043f\u0456\u0434\u0432\u0430\u043b\u0438\u043d\u0438 \u043f\u043e\u0447\u0443\u0442\u0442\u044f \u0431\u0435\u0437\u043f\u0435\u043a\u0438 \u0432 \u0434\u0438\u0442\u0438\u043d\u0438<br \/>\n\u0442\u0430 \u043c\u0430\u0439\u0431\u0443\u0442\u043d\u044c\u043e\u0457 \u043f\u0440\u0430\u0432\u0438\u043b\u044c\u043d\u043e\u0457 \u0432\u0437\u0430\u0454\u043c\u043e\u0434\u0456\u0457 \u0437\u0456 \u0441\u0432\u0456\u0442\u043e\u043c. \u0426\u044f \u043a\u043d\u0438\u0436\u043a\u0430 \u2014 \u0441\u043f\u0440\u043e\u0431\u0430 \u043f\u043e\u043a\u0430\u0437\u0430\u0442\u0438,<br \/>\n\u0449\u043e \u0432\u0456\u0439\u043d\u0430 \u2014 \u0446\u0435 \u0437\u043b\u043e, \u0430\u043b\u0435 \u043a\u0440\u0430\u0441\u0430 \u0439 \u0434\u043e\u0431\u0440\u043e \u0441\u0432\u0456\u0442\u0443 \u0432\u0441\u0435-\u0442\u0430\u043a\u0438 \u043c\u043e\u0433\u0443\u0442\u043d\u0456\u0448\u0456.<\/p><\/div>\n<p><!-- .vgblk-rw-wrapper --><\/p>","protected":false},"excerpt":{"rendered":"<p>Ksi\u0105\u017cka w j\u0119zyku ukrai\u0144skim<\/p>\n<p>\u041a\u043d\u0438\u0436\u043a\u0430 \u0437\u0430\u0445\u0438\u0449\u0430\u0454 \u2014 \u0432\u0456\u0434\u0432\u043e\u043b\u0456\u043a\u0430\u0454 \u0432\u0456\u0434 \u043d\u0435\u043f\u0440\u043e\u0441\u0442\u043e\u0457 \u0434\u0456\u0439\u0441\u043d\u043e\u0441\u0442\u0456, \u043f\u043e\u043a\u0430\u0437\u0443\u0454 \u043d\u043e\u0432\u0456<br \/>\n\u043c\u043e\u0436\u043b\u0438\u0432\u043e\u0441\u0442\u0456, \u0434\u043e\u0437\u0432\u043e\u043b\u044f\u0454 \u0434\u0443\u043c\u0430\u0442\u0438 \u043f\u0440\u043e \u043c\u0430\u0439\u0431\u0443\u0442\u043d\u0454. \u041a\u043d\u0438\u0436\u043a\u0430 \u0431\u0443\u0434\u0443\u0454 \u2014 \u0431\u0430\u0442\u044c\u043a\u0438,<br \/>\n\u044f\u043a\u0456 \u0447\u0438\u0442\u0430\u044e\u0442\u044c \u0437 \u0434\u0456\u0442\u044c\u043c\u0438, \u0437\u0430\u043a\u043b\u0430\u0434\u0430\u044e\u0442\u044c \u043f\u0456\u0434\u0432\u0430\u043b\u0438\u043d\u0438 \u043f\u043e\u0447\u0443\u0442\u0442\u044f \u0431\u0435\u0437\u043f\u0435\u043a\u0438 \u0432 \u0434\u0438\u0442\u0438\u043d\u0438<br \/>\n\u0442\u0430 \u043c\u0430\u0439\u0431\u0443\u0442\u043d\u044c\u043e\u0457 \u043f\u0440\u0430\u0432\u0438\u043b\u044c\u043d\u043e\u0457 \u0432\u0437\u0430\u0454\u043c\u043e\u0434\u0456\u0457 \u0437\u0456 \u0441\u0432\u0456\u0442\u043e\u043c. \u0426\u044f \u043a\u043d\u0438\u0436\u043a\u0430 \u2014 \u0441\u043f\u0440\u043e\u0431\u0430 \u043f\u043e\u043a\u0430\u0437\u0430\u0442\u0438,<br \/>\n\u0449\u043e \u0432\u0456\u0439\u043d\u0430 \u2014 \u0446\u0435 \u0437\u043b\u043e, \u0430\u043b\u0435 \u043a\u0440\u0430\u0441\u0430 \u0439 \u0434\u043e\u0431\u0440\u043e \u0441\u0432\u0456\u0442\u0443 \u0432\u0441\u0435-\u0442\u0430\u043a\u0438 \u043c\u043e\u0433\u0443\u0442\u043d\u0456\u0448\u0456.<\/p>","protected":false},"featured_media":989824,"template":"","meta":{"rank_math_lock_modified_date":false},"product_cat":[15],"product_tag":[75],"class_list":{"0":"post-989877","1":"product","2":"type-product","3":"status-publish","4":"has-post-thumbnail","6":"product_cat-inne","7":"product_tag-ksiazki","8":"odd","10":"first","11":"instock","12":"sale","13":"taxable","14":"shipping-taxable","15":"purchasable","16":"product-type-simple"},"acf":[],"_links":{"self":[{"href":"https:\/\/new.fpc.chost.pl\/eng\/wp-json\/wp\/v2\/product\/989877","targetHints":{"allow":["GET"]}}],"collection":[{"href":"https:\/\/new.fpc.chost.pl\/eng\/wp-json\/wp\/v2\/product"}],"about":[{"href":"https:\/\/new.fpc.chost.pl\/eng\/wp-json\/wp\/v2\/types\/product"}],"version-history":[{"count":1,"href":"https:\/\/new.fpc.chost.pl\/eng\/wp-json\/wp\/v2\/product\/989877\/revisions"}],"predecessor-version":[{"id":989879,"href":"https:\/\/new.fpc.chost.pl\/eng\/wp-json\/wp\/v2\/product\/989877\/revisions\/989879"}],"wp:featuredmedia":[{"embeddable":true,"href":"https:\/\/new.fpc.chost.pl\/eng\/wp-json\/wp\/v2\/media\/989824"}],"wp:attachment":[{"href":"https:\/\/new.fpc.chost.pl\/eng\/wp-json\/wp\/v2\/media?parent=989877"}],"wp:term":[{"taxonomy":"product_cat","embeddable":true,"href":"https:\/\/new.fpc.chost.pl\/eng\/wp-json\/wp\/v2\/product_cat?post=989877"},{"taxonomy":"product_tag","embeddable":true,"href":"https:\/\/new.fpc.chost.pl\/eng\/wp-json\/wp\/v2\/product_tag?post=989877"}],"curies":[{"name":"wp","href":"https:\/\/api.w.org\/{rel}","templated":true}]}}