{"id":989880,"date":"2024-08-13T14:13:37","date_gmt":"2024-08-13T12:13:37","guid":{"rendered":"https:\/\/new.fpc.org.pl\/?post_type=product&#038;p=989880"},"modified":"2024-08-19T16:12:26","modified_gmt":"2024-08-19T14:12:26","slug":"przekazuje-darowizne-na-cele-statutowe-fundacji-powszechnego-czytania","status":"publish","type":"product","link":"https:\/\/new.fpc.chost.pl\/eng\/sklep\/przekazuje-darowizne-na-cele-statutowe-fundacji-powszechnego-czytania\/","title":{"rendered":"Przekazuj\u0119 darowizn\u0119 na cele statutowe Fundacji Powszechnego Czytania"},"content":{"rendered":"<div class=\"vgblk-rw-wrapper limit-wrapper\">Fundacja Powszechnego Czytania powsta\u0142a w 2018 roku i stawia sobie za cel podniesienie poziomu czytelnictwa w Polsce.<\/p>\n<p>&nbsp;<\/p>\n<p>Czytanie likwiduje przepa\u015bci wynikaj\u0105ce z pochodzenia socjoekonomicznego. Czytanie dla przyjemno\u015bci niweluje r\u00f3\u017cnice statusowe, buduje kompetencje przysz\u0142o\u015bci.<\/p>\n<p>Nasz\u0105 ZASAD\u0104 jest wyr\u00f3wnywanie szans wszystkich obywateli na udan\u0105 przysz\u0142o\u015b\u0107.<\/p>\n<p>Je\u015bli sprawimy, \u017ce dzi\u015b dzieci zaczn\u0105 wi\u0119cej czyta\u0107 \u2013 jutro Polska b\u0119dzie mia\u0142a lepszych naukowc\u00f3w, in\u017cynier\u00f3w, biznesmen\u00f3w i artyst\u00f3w.<\/p>\n<p>Naszym MARZENIEM jest w\u0142a\u015bnie taka Polska \u2013 z nauk\u0105, przemys\u0142em, biznesem i sztuk\u0105 na najwy\u017cszym poziomie.<\/p>\n<p>Czytanie = lepsze wyniki w nauce = lepsze wykszta\u0142cenie = lepsza praca = lepsza p\u0142aca = wi\u0119kszy portfel zakupowy + wysoko rozwini\u0119ta gospodarka.<\/p>\n<p>Po\u0142\u0105czmy si\u0142y i razem dzia\u0142ajmy na rzecz czytelnictwa!<\/p><\/div>\n<p><!-- .vgblk-rw-wrapper --><\/p>","protected":false},"excerpt":{"rendered":"<p>Z okazji 5lecia Fundacji Powszechnego Czytania, wspieram dzia\u0142ania upowszechniaj\u0105ce czytelnictwo.<\/p>","protected":false},"featured_media":989822,"template":"","meta":{"rank_math_lock_modified_date":false},"product_cat":[15],"product_tag":[],"class_list":{"0":"post-989880","1":"product","2":"type-product","3":"status-publish","4":"has-post-thumbnail","6":"product_cat-inne","7":"odd","9":"first","10":"instock","11":"taxable","12":"shipping-taxable","13":"purchasable","14":"product-type-simple"},"acf":[],"_links":{"self":[{"href":"https:\/\/new.fpc.chost.pl\/eng\/wp-json\/wp\/v2\/product\/989880","targetHints":{"allow":["GET"]}}],"collection":[{"href":"https:\/\/new.fpc.chost.pl\/eng\/wp-json\/wp\/v2\/product"}],"about":[{"href":"https:\/\/new.fpc.chost.pl\/eng\/wp-json\/wp\/v2\/types\/product"}],"version-history":[{"count":1,"href":"https:\/\/new.fpc.chost.pl\/eng\/wp-json\/wp\/v2\/product\/989880\/revisions"}],"predecessor-version":[{"id":989881,"href":"https:\/\/new.fpc.chost.pl\/eng\/wp-json\/wp\/v2\/product\/989880\/revisions\/989881"}],"wp:featuredmedia":[{"embeddable":true,"href":"https:\/\/new.fpc.chost.pl\/eng\/wp-json\/wp\/v2\/media\/989822"}],"wp:attachment":[{"href":"https:\/\/new.fpc.chost.pl\/eng\/wp-json\/wp\/v2\/media?parent=989880"}],"wp:term":[{"taxonomy":"product_cat","embeddable":true,"href":"https:\/\/new.fpc.chost.pl\/eng\/wp-json\/wp\/v2\/product_cat?post=989880"},{"taxonomy":"product_tag","embeddable":true,"href":"https:\/\/new.fpc.chost.pl\/eng\/wp-json\/wp\/v2\/product_tag?post=989880"}],"curies":[{"name":"wp","href":"https:\/\/api.w.org\/{rel}","templated":true}]}}